{"id":30,"date":"2025-09-09T11:23:49","date_gmt":"2025-09-09T11:23:49","guid":{"rendered":"https:\/\/elitefisioterapia.com\/blog\/?page_id=30"},"modified":"2025-09-09T12:59:17","modified_gmt":"2025-09-09T12:59:17","slug":"home","status":"publish","type":"page","link":"https:\/\/elitefisioterapia.com\/blog\/","title":{"rendered":"Home"},"content":{"rendered":"\t\t<div data-elementor-type=\"wp-page\" data-elementor-id=\"30\" class=\"elementor elementor-30\" data-elementor-post-type=\"page\">\n\t\t\t\t<div class=\"elementor-element elementor-element-7b255a0 e-flex e-con-boxed e-con e-parent\" data-id=\"7b255a0\" data-element_type=\"container\" data-e-type=\"container\" data-settings=\"{&quot;background_background&quot;:&quot;classic&quot;}\">\n\t\t\t\t\t<div class=\"e-con-inner\">\n\t\t\t\t<div class=\"elementor-element elementor-element-fa91963 elementor-grid-3 elementor-grid-tablet-2 elementor-grid-mobile-1 elementor-posts--thumbnail-top elementor-card-shadow-yes elementor-posts__hover-gradient elementor-widget elementor-widget-posts\" data-id=\"fa91963\" data-element_type=\"widget\" data-e-type=\"widget\" data-settings=\"{&quot;cards_columns&quot;:&quot;3&quot;,&quot;cards_columns_tablet&quot;:&quot;2&quot;,&quot;cards_columns_mobile&quot;:&quot;1&quot;,&quot;cards_row_gap&quot;:{&quot;unit&quot;:&quot;px&quot;,&quot;size&quot;:35,&quot;sizes&quot;:[]},&quot;cards_row_gap_tablet&quot;:{&quot;unit&quot;:&quot;px&quot;,&quot;size&quot;:&quot;&quot;,&quot;sizes&quot;:[]},&quot;cards_row_gap_mobile&quot;:{&quot;unit&quot;:&quot;px&quot;,&quot;size&quot;:&quot;&quot;,&quot;sizes&quot;:[]}}\" data-widget_type=\"posts.cards\">\n\t\t\t\t<div class=\"elementor-widget-container\">\n\t\t\t\t\t\t\t<div class=\"elementor-posts-container elementor-posts elementor-posts--skin-cards elementor-grid\" role=\"list\">\n\t\t\t\t<article class=\"elementor-post elementor-grid-item post-151 post type-post status-publish format-standard has-post-thumbnail hentry category-uncategorized\" role=\"listitem\">\n\t\t\t<div class=\"elementor-post__card\">\n\t\t\t\t<a class=\"elementor-post__thumbnail__link\" href=\"https:\/\/elitefisioterapia.com\/blog\/la-patologia-nerviosa-y-el-dolor-neuropatico-desde-la-fisioterapia-avanzada-con-terapia-mbst\/\" tabindex=\"-1\" ><div class=\"elementor-post__thumbnail\"><img fetchpriority=\"high\" decoding=\"async\" width=\"240\" height=\"300\" src=\"https:\/\/elitefisioterapia.com\/blog\/wp-content\/uploads\/MBST_paciente_1-240x300.png\" class=\"attachment-medium size-medium wp-image-154\" alt=\"\" srcset=\"https:\/\/elitefisioterapia.com\/blog\/wp-content\/uploads\/MBST_paciente_1-240x300.png 240w, https:\/\/elitefisioterapia.com\/blog\/wp-content\/uploads\/MBST_paciente_1-819x1024.png 819w, https:\/\/elitefisioterapia.com\/blog\/wp-content\/uploads\/MBST_paciente_1-768x960.png 768w, https:\/\/elitefisioterapia.com\/blog\/wp-content\/uploads\/MBST_paciente_1.png 1080w\" sizes=\"(max-width: 240px) 100vw, 240px\" \/><\/div><\/a>\n\t\t\t\t<div class=\"elementor-post__text\">\n\t\t\t\t<h2 class=\"elementor-post__title\">\n\t\t\t<a href=\"https:\/\/elitefisioterapia.com\/blog\/la-patologia-nerviosa-y-el-dolor-neuropatico-desde-la-fisioterapia-avanzada-con-terapia-mbst\/\" >\n\t\t\t\tLa patolog\u00eda nerviosa y el dolor neurop\u00e1tico desde la fisioterapia avanzada con terapia MBST\u00ae\t\t\t<\/a>\n\t\t<\/h2>\n\t\t\t\t<\/div>\n\t\t\t\t\t<\/div>\n\t\t<\/article>\n\t\t\t\t<article class=\"elementor-post elementor-grid-item post-101 post type-post status-publish format-standard has-post-thumbnail hentry category-uncategorized\" role=\"listitem\">\n\t\t\t<div class=\"elementor-post__card\">\n\t\t\t\t<a class=\"elementor-post__thumbnail__link\" href=\"https:\/\/elitefisioterapia.com\/blog\/terapia-mbst-indicada-en-discopatias-protrusiones-y-hernias-discales-radiculopatias-y-dolor-cronico-de-columna\/\" tabindex=\"-1\" ><div class=\"elementor-post__thumbnail\"><img decoding=\"async\" width=\"300\" height=\"169\" src=\"https:\/\/elitefisioterapia.com\/blog\/wp-content\/uploads\/Natalias-con-MBST_1-300x169.png\" class=\"attachment-medium size-medium wp-image-134\" alt=\"\" srcset=\"https:\/\/elitefisioterapia.com\/blog\/wp-content\/uploads\/Natalias-con-MBST_1-300x169.png 300w, https:\/\/elitefisioterapia.com\/blog\/wp-content\/uploads\/Natalias-con-MBST_1-1024x576.png 1024w, https:\/\/elitefisioterapia.com\/blog\/wp-content\/uploads\/Natalias-con-MBST_1-768x432.png 768w, https:\/\/elitefisioterapia.com\/blog\/wp-content\/uploads\/Natalias-con-MBST_1-1536x864.png 1536w, https:\/\/elitefisioterapia.com\/blog\/wp-content\/uploads\/Natalias-con-MBST_1.png 1920w\" sizes=\"(max-width: 300px) 100vw, 300px\" \/><\/div><\/a>\n\t\t\t\t<div class=\"elementor-post__text\">\n\t\t\t\t<h2 class=\"elementor-post__title\">\n\t\t\t<a href=\"https:\/\/elitefisioterapia.com\/blog\/terapia-mbst-indicada-en-discopatias-protrusiones-y-hernias-discales-radiculopatias-y-dolor-cronico-de-columna\/\" >\n\t\t\t\tTerapia MBST\u00ae indicada en discopat\u00edas, protrusiones y hernias discales, radiculopat\u00edas y dolor cr\u00f3nico de columna.\t\t\t<\/a>\n\t\t<\/h2>\n\t\t\t\t<\/div>\n\t\t\t\t\t<\/div>\n\t\t<\/article>\n\t\t\t\t<article class=\"elementor-post elementor-grid-item post-118 post type-post status-publish format-standard has-post-thumbnail hentry category-uncategorized\" role=\"listitem\">\n\t\t\t<div class=\"elementor-post__card\">\n\t\t\t\t<a class=\"elementor-post__thumbnail__link\" href=\"https:\/\/elitefisioterapia.com\/blog\/como-la-terapia-mbst-ayuda-a-recuperar-hueso-y-reducir-fracturas-en-osteoporosis-2\/\" tabindex=\"-1\" ><div class=\"elementor-post__thumbnail\"><img decoding=\"async\" width=\"300\" height=\"240\" src=\"https:\/\/elitefisioterapia.com\/blog\/wp-content\/uploads\/MBST_abierta-300x240.jpg\" class=\"attachment-medium size-medium wp-image-127\" alt=\"\" srcset=\"https:\/\/elitefisioterapia.com\/blog\/wp-content\/uploads\/MBST_abierta-300x240.jpg 300w, https:\/\/elitefisioterapia.com\/blog\/wp-content\/uploads\/MBST_abierta-1024x821.jpg 1024w, https:\/\/elitefisioterapia.com\/blog\/wp-content\/uploads\/MBST_abierta-768x616.jpg 768w, https:\/\/elitefisioterapia.com\/blog\/wp-content\/uploads\/MBST_abierta-1536x1231.jpg 1536w, https:\/\/elitefisioterapia.com\/blog\/wp-content\/uploads\/MBST_abierta-2048x1642.jpg 2048w\" sizes=\"(max-width: 300px) 100vw, 300px\" \/><\/div><\/a>\n\t\t\t\t<div class=\"elementor-post__text\">\n\t\t\t\t<h2 class=\"elementor-post__title\">\n\t\t\t<a href=\"https:\/\/elitefisioterapia.com\/blog\/como-la-terapia-mbst-ayuda-a-recuperar-hueso-y-reducir-fracturas-en-osteoporosis-2\/\" >\n\t\t\t\tMBST\u00ae y Osteoartrosis: la nueva terapia regenerativa no invasiva para tratar la artrosis\t\t\t<\/a>\n\t\t<\/h2>\n\t\t\t\t<\/div>\n\t\t\t\t\t<\/div>\n\t\t<\/article>\n\t\t\t\t<article class=\"elementor-post elementor-grid-item post-83 post type-post status-publish format-standard has-post-thumbnail hentry category-uncategorized\" role=\"listitem\">\n\t\t\t<div class=\"elementor-post__card\">\n\t\t\t\t<a class=\"elementor-post__thumbnail__link\" href=\"https:\/\/elitefisioterapia.com\/blog\/como-la-terapia-mbst-ayuda-a-recuperar-hueso-y-reducir-fracturas-en-osteoporosis\/\" tabindex=\"-1\" ><div class=\"elementor-post__thumbnail\"><img loading=\"lazy\" decoding=\"async\" width=\"300\" height=\"200\" src=\"https:\/\/elitefisioterapia.com\/blog\/wp-content\/uploads\/mbst-osteoporosis5-300x200.webp\" class=\"attachment-medium size-medium wp-image-106\" alt=\"\" srcset=\"https:\/\/elitefisioterapia.com\/blog\/wp-content\/uploads\/mbst-osteoporosis5-300x200.webp 300w, https:\/\/elitefisioterapia.com\/blog\/wp-content\/uploads\/mbst-osteoporosis5-1024x682.webp 1024w, https:\/\/elitefisioterapia.com\/blog\/wp-content\/uploads\/mbst-osteoporosis5-768x511.webp 768w, https:\/\/elitefisioterapia.com\/blog\/wp-content\/uploads\/mbst-osteoporosis5-1536x1023.webp 1536w, https:\/\/elitefisioterapia.com\/blog\/wp-content\/uploads\/mbst-osteoporosis5.webp 1637w\" sizes=\"(max-width: 300px) 100vw, 300px\" \/><\/div><\/a>\n\t\t\t\t<div class=\"elementor-post__text\">\n\t\t\t\t<h2 class=\"elementor-post__title\">\n\t\t\t<a href=\"https:\/\/elitefisioterapia.com\/blog\/como-la-terapia-mbst-ayuda-a-recuperar-hueso-y-reducir-fracturas-en-osteoporosis\/\" >\n\t\t\t\tC\u00f3mo la Terapia MBST\u00ae ayuda a recuperar hueso y reducir fracturas en osteoporosis\t\t\t<\/a>\n\t\t<\/h2>\n\t\t\t\t<\/div>\n\t\t\t\t\t<\/div>\n\t\t<\/article>\n\t\t\t\t<article class=\"elementor-post elementor-grid-item post-71 post type-post status-publish format-standard has-post-thumbnail hentry category-uncategorized\" role=\"listitem\">\n\t\t\t<div class=\"elementor-post__card\">\n\t\t\t\t<a class=\"elementor-post__thumbnail__link\" href=\"https:\/\/elitefisioterapia.com\/blog\/dolor-de-hombro-por-tendinitis-del-manguito-rotador-causas-y-solucion-eficaz\/\" tabindex=\"-1\" ><div class=\"elementor-post__thumbnail\"><img loading=\"lazy\" decoding=\"async\" width=\"240\" height=\"300\" src=\"https:\/\/elitefisioterapia.com\/blog\/wp-content\/uploads\/3-240x300.png\" class=\"attachment-medium size-medium wp-image-126\" alt=\"\" srcset=\"https:\/\/elitefisioterapia.com\/blog\/wp-content\/uploads\/3-240x300.png 240w, https:\/\/elitefisioterapia.com\/blog\/wp-content\/uploads\/3-819x1024.png 819w, https:\/\/elitefisioterapia.com\/blog\/wp-content\/uploads\/3-768x960.png 768w, https:\/\/elitefisioterapia.com\/blog\/wp-content\/uploads\/3.png 1080w\" sizes=\"(max-width: 240px) 100vw, 240px\" \/><\/div><\/a>\n\t\t\t\t<div class=\"elementor-post__text\">\n\t\t\t\t<h2 class=\"elementor-post__title\">\n\t\t\t<a href=\"https:\/\/elitefisioterapia.com\/blog\/dolor-de-hombro-por-tendinitis-del-manguito-rotador-causas-y-solucion-eficaz\/\" >\n\t\t\t\tTendinitis del manguito rotador con fisioterapia avanzada y enfoque multidisciplinar en Zaragoza\t\t\t<\/a>\n\t\t<\/h2>\n\t\t\t\t<\/div>\n\t\t\t\t\t<\/div>\n\t\t<\/article>\n\t\t\t\t<\/div>\n\t\t\n\t\t\t\t\t\t<\/div>\n\t\t\t\t<\/div>\n\t\t\t\t\t<\/div>\n\t\t\t\t<\/div>\n\t\t\t\t<\/div>\n\t\t","protected":false},"excerpt":{"rendered":"","protected":false},"author":1,"featured_media":0,"parent":0,"menu_order":0,"comment_status":"closed","ping_status":"closed","template":"","meta":{"site-sidebar-layout":"no-sidebar","site-content-layout":"","ast-site-content-layout":"full-width-container","site-content-style":"default","site-sidebar-style":"default","ast-global-header-display":"","ast-banner-title-visibility":"","ast-main-header-display":"","ast-hfb-above-header-display":"","ast-hfb-below-header-display":"","ast-hfb-mobile-header-display":"","site-post-title":"","ast-breadcrumbs-content":"","ast-featured-img":"disabled","footer-sml-layout":"","ast-disable-related-posts":"","theme-transparent-header-meta":"","adv-header-id-meta":"","stick-header-meta":"","header-above-stick-meta":"","header-main-stick-meta":"","header-below-stick-meta":"","astra-migrate-meta-layouts":"default","ast-page-background-enabled":"default","ast-page-background-meta":{"desktop":{"background-color":"var(--ast-global-color-5)","background-image":"","background-repeat":"repeat","background-position":"center center","background-size":"auto","background-attachment":"scroll","background-type":"","background-media":"","overlay-type":"","overlay-color":"","overlay-opacity":"","overlay-gradient":""},"tablet":{"background-color":"","background-image":"","background-repeat":"repeat","background-position":"center center","background-size":"auto","background-attachment":"scroll","background-type":"","background-media":"","overlay-type":"","overlay-color":"","overlay-opacity":"","overlay-gradient":""},"mobile":{"background-color":"","background-image":"","background-repeat":"repeat","background-position":"center center","background-size":"auto","background-attachment":"scroll","background-type":"","background-media":"","overlay-type":"","overlay-color":"","overlay-opacity":"","overlay-gradient":""}},"ast-content-background-meta":{"desktop":{"background-color":"var(--ast-global-color-4)","background-image":"","background-repeat":"repeat","background-position":"center center","background-size":"auto","background-attachment":"scroll","background-type":"","background-media":"","overlay-type":"","overlay-color":"","overlay-opacity":"","overlay-gradient":""},"tablet":{"background-color":"var(--ast-global-color-4)","background-image":"","background-repeat":"repeat","background-position":"center center","background-size":"auto","background-attachment":"scroll","background-type":"","background-media":"","overlay-type":"","overlay-color":"","overlay-opacity":"","overlay-gradient":""},"mobile":{"background-color":"var(--ast-global-color-4)","background-image":"","background-repeat":"repeat","background-position":"center center","background-size":"auto","background-attachment":"scroll","background-type":"","background-media":"","overlay-type":"","overlay-color":"","overlay-opacity":"","overlay-gradient":""}},"footnotes":""},"class_list":["post-30","page","type-page","status-publish","hentry"],"yoast_head":"<!-- This site is optimized with the Yoast SEO plugin v27.1.1 - https:\/\/yoast.com\/product\/yoast-seo-wordpress\/ -->\n<title>Home - Elite Fisioterapia Blog<\/title>\n<meta name=\"robots\" content=\"index, follow, max-snippet:-1, max-image-preview:large, max-video-preview:-1\" \/>\n<link rel=\"canonical\" href=\"https:\/\/elitefisioterapia.com\/blog\/\" \/>\n<meta property=\"og:locale\" content=\"es_ES\" \/>\n<meta property=\"og:type\" content=\"article\" \/>\n<meta property=\"og:title\" content=\"Home - Elite Fisioterapia Blog\" \/>\n<meta property=\"og:url\" content=\"https:\/\/elitefisioterapia.com\/blog\/\" \/>\n<meta property=\"og:site_name\" content=\"Elite Fisioterapia Blog\" \/>\n<meta property=\"article:modified_time\" content=\"2025-09-09T12:59:17+00:00\" \/>\n<meta name=\"twitter:card\" content=\"summary_large_image\" \/>\n<script type=\"application\/ld+json\" class=\"yoast-schema-graph\">{\"@context\":\"https:\/\/schema.org\",\"@graph\":[{\"@type\":\"WebPage\",\"@id\":\"https:\/\/elitefisioterapia.com\/blog\/\",\"url\":\"https:\/\/elitefisioterapia.com\/blog\/\",\"name\":\"Home - Elite Fisioterapia Blog\",\"isPartOf\":{\"@id\":\"https:\/\/elitefisioterapia.com\/blog\/#website\"},\"datePublished\":\"2025-09-09T11:23:49+00:00\",\"dateModified\":\"2025-09-09T12:59:17+00:00\",\"breadcrumb\":{\"@id\":\"https:\/\/elitefisioterapia.com\/blog\/#breadcrumb\"},\"inLanguage\":\"es\",\"potentialAction\":[{\"@type\":\"ReadAction\",\"target\":[\"https:\/\/elitefisioterapia.com\/blog\/\"]}]},{\"@type\":\"BreadcrumbList\",\"@id\":\"https:\/\/elitefisioterapia.com\/blog\/#breadcrumb\",\"itemListElement\":[{\"@type\":\"ListItem\",\"position\":1,\"name\":\"Portada\",\"item\":\"https:\/\/elitefisioterapia.com\/blog\/\"},{\"@type\":\"ListItem\",\"position\":2,\"name\":\"Home\"}]},{\"@type\":\"WebSite\",\"@id\":\"https:\/\/elitefisioterapia.com\/blog\/#website\",\"url\":\"https:\/\/elitefisioterapia.com\/blog\/\",\"name\":\"Elite Fisioterapia Blog\",\"description\":\"\",\"potentialAction\":[{\"@type\":\"SearchAction\",\"target\":{\"@type\":\"EntryPoint\",\"urlTemplate\":\"https:\/\/elitefisioterapia.com\/blog\/?s={search_term_string}\"},\"query-input\":{\"@type\":\"PropertyValueSpecification\",\"valueRequired\":true,\"valueName\":\"search_term_string\"}}],\"inLanguage\":\"es\"}]}<\/script>\n<!-- \/ Yoast SEO plugin. -->","yoast_head_json":{"title":"Home - Elite Fisioterapia Blog","robots":{"index":"index","follow":"follow","max-snippet":"max-snippet:-1","max-image-preview":"max-image-preview:large","max-video-preview":"max-video-preview:-1"},"canonical":"https:\/\/elitefisioterapia.com\/blog\/","og_locale":"es_ES","og_type":"article","og_title":"Home - Elite Fisioterapia Blog","og_url":"https:\/\/elitefisioterapia.com\/blog\/","og_site_name":"Elite Fisioterapia Blog","article_modified_time":"2025-09-09T12:59:17+00:00","twitter_card":"summary_large_image","schema":{"@context":"https:\/\/schema.org","@graph":[{"@type":"WebPage","@id":"https:\/\/elitefisioterapia.com\/blog\/","url":"https:\/\/elitefisioterapia.com\/blog\/","name":"Home - Elite Fisioterapia Blog","isPartOf":{"@id":"https:\/\/elitefisioterapia.com\/blog\/#website"},"datePublished":"2025-09-09T11:23:49+00:00","dateModified":"2025-09-09T12:59:17+00:00","breadcrumb":{"@id":"https:\/\/elitefisioterapia.com\/blog\/#breadcrumb"},"inLanguage":"es","potentialAction":[{"@type":"ReadAction","target":["https:\/\/elitefisioterapia.com\/blog\/"]}]},{"@type":"BreadcrumbList","@id":"https:\/\/elitefisioterapia.com\/blog\/#breadcrumb","itemListElement":[{"@type":"ListItem","position":1,"name":"Portada","item":"https:\/\/elitefisioterapia.com\/blog\/"},{"@type":"ListItem","position":2,"name":"Home"}]},{"@type":"WebSite","@id":"https:\/\/elitefisioterapia.com\/blog\/#website","url":"https:\/\/elitefisioterapia.com\/blog\/","name":"Elite Fisioterapia Blog","description":"","potentialAction":[{"@type":"SearchAction","target":{"@type":"EntryPoint","urlTemplate":"https:\/\/elitefisioterapia.com\/blog\/?s={search_term_string}"},"query-input":{"@type":"PropertyValueSpecification","valueRequired":true,"valueName":"search_term_string"}}],"inLanguage":"es"}]}},"_links":{"self":[{"href":"https:\/\/elitefisioterapia.com\/blog\/wp-json\/wp\/v2\/pages\/30","targetHints":{"allow":["GET"]}}],"collection":[{"href":"https:\/\/elitefisioterapia.com\/blog\/wp-json\/wp\/v2\/pages"}],"about":[{"href":"https:\/\/elitefisioterapia.com\/blog\/wp-json\/wp\/v2\/types\/page"}],"author":[{"embeddable":true,"href":"https:\/\/elitefisioterapia.com\/blog\/wp-json\/wp\/v2\/users\/1"}],"replies":[{"embeddable":true,"href":"https:\/\/elitefisioterapia.com\/blog\/wp-json\/wp\/v2\/comments?post=30"}],"version-history":[{"count":4,"href":"https:\/\/elitefisioterapia.com\/blog\/wp-json\/wp\/v2\/pages\/30\/revisions"}],"predecessor-version":[{"id":80,"href":"https:\/\/elitefisioterapia.com\/blog\/wp-json\/wp\/v2\/pages\/30\/revisions\/80"}],"wp:attachment":[{"href":"https:\/\/elitefisioterapia.com\/blog\/wp-json\/wp\/v2\/media?parent=30"}],"curies":[{"name":"wp","href":"https:\/\/api.w.org\/{rel}","templated":true}]}}